{"id":86,"date":"2015-09-04T17:02:13","date_gmt":"2015-09-04T15:02:13","guid":{"rendered":"http:\/\/keilfoto.de\/?page_id=86"},"modified":"2019-04-24T20:52:44","modified_gmt":"2019-04-24T18:52:44","slug":"about","status":"publish","type":"page","link":"http:\/\/keilfoto.de\/index.php\/about\/","title":{"rendered":"Martin Keil"},"content":{"rendered":"<div  class=\"one\" style=\"padding:0px 0 0px 0;\" >\n<div class=\"standard_wrapper\">\n<div class=\"page_content_wrapper\">\n<div class=\"inner\">\n<div class=\"one_half content_middle animate textright\">Hallo,<\/p>\n<p>Ich bin Martin Keil, 39 Jahre alt und Teamleiter bei einem gro\u00dfen Automobilzulieferer.<\/p>\n<p>Seit mehr als 10 Jahren arbeite ich sowohl mit professionellen Modellen als auch mit Personen die noch nie vor einer Kamera standen. <\/p>\n<p>F\u00fcr Fotobegeisterte Anf\u00e4nger und Fortgeschrittene organisiere ich Modelsharings, Workshops und aussergew\u00f6hnliche Fotoshootings.<\/p><\/div>\n<div class=\"one_half last\"><\/div>\n<p><br class=\"clear\"\/><\/div>\n<\/div>\n<\/div>\n<\/div>\n<div  class=\"one\" style=\"padding:0px 0 0px 0;\" >\n<div class=\"standard_wrapper\">\n<div class=\"page_content_wrapper\">\n<div class=\"inner\">\n<div class=\"one_half content_middle animate textright\">Ich fotografiere mit hochwertigen Systemkameras von Fuji.<br \/>\nNeben der hochwertigen Bildqualit\u00e4t und detaillierter Aufl\u00f6sung (die auch f\u00fcr gro\u00dfe Ausdrucke mehr als ausreichend ist) \u00fcberzeugt mich die Farbe und der Charakter der Aufnahmen.<\/div>\n<div class=\"one_half last\"><\/div>\n<p><br class=\"clear\"\/><\/div>\n<\/div>\n<\/div>\n<\/div>\n","protected":false},"excerpt":{"rendered":"<p>Hallo, Ich bin Martin Keil, 39 Jahre alt und Teamleiter bei einem gro\u00dfen Automobilzulieferer. Seit mehr als 10 Jahren arbeite ich sowohl mit professionellen Modellen als auch mit Personen die noch nie vor einer Kamera standen. F\u00fcr Fotobegeisterte Anf\u00e4nger und Fortgeschrittene organisiere ich Modelsharings, Workshops und aussergew\u00f6hnliche Fotoshootings. Ich fotografiere mit hochwertigen Systemkameras von Fuji. [&hellip;]<\/p>\n","protected":false},"author":1,"featured_media":0,"parent":0,"menu_order":0,"comment_status":"closed","ping_status":"closed","template":"","meta":{"footnotes":""},"class_list":["post-86","page","type-page","status-publish","hentry"],"_links":{"self":[{"href":"http:\/\/keilfoto.de\/index.php\/wp-json\/wp\/v2\/pages\/86","targetHints":{"allow":["GET"]}}],"collection":[{"href":"http:\/\/keilfoto.de\/index.php\/wp-json\/wp\/v2\/pages"}],"about":[{"href":"http:\/\/keilfoto.de\/index.php\/wp-json\/wp\/v2\/types\/page"}],"author":[{"embeddable":true,"href":"http:\/\/keilfoto.de\/index.php\/wp-json\/wp\/v2\/users\/1"}],"replies":[{"embeddable":true,"href":"http:\/\/keilfoto.de\/index.php\/wp-json\/wp\/v2\/comments?post=86"}],"version-history":[{"count":22,"href":"http:\/\/keilfoto.de\/index.php\/wp-json\/wp\/v2\/pages\/86\/revisions"}],"predecessor-version":[{"id":2931,"href":"http:\/\/keilfoto.de\/index.php\/wp-json\/wp\/v2\/pages\/86\/revisions\/2931"}],"wp:attachment":[{"href":"http:\/\/keilfoto.de\/index.php\/wp-json\/wp\/v2\/media?parent=86"}],"curies":[{"name":"wp","href":"https:\/\/api.w.org\/{rel}","templated":true}]}}